{"id":5085,"date":"2021-07-22T23:08:09","date_gmt":"2021-07-22T23:08:09","guid":{"rendered":"https:\/\/pymevirtual.cl\/index.php\/jobs\/"},"modified":"2021-07-23T21:35:53","modified_gmt":"2021-07-23T21:35:53","slug":"jobs","status":"publish","type":"page","link":"https:\/\/pymevirtual.cl\/index.php\/jobs\/","title":{"rendered":"PYMES"},"content":{"rendered":"<div class=\"job_listings\" data-location=\"\" data-keywords=\"\" data-show_filters=\"true\" data-show_pagination=\"false\" data-per_page=\"9\" data-orderby=\"featured\" data-order=\"DESC\" data-categories=\"\" data-disable-form-state-storage=\"\" data-featured_first=\"false\" data-post_id=\"5085\" ><div class=\"apus-half-map-layout apus-half-map-layout-v2 apus-listing-warpper\">\n\t<div class=\"row no-margin wrapper-half-map\">\n\t\t<div class=\"col-lg-5 col-md-7 no-padding list-content-wrapper\">\n\t\t\t<div class=\"list-content clearfix\">\n\t\t\t\t<div class=\"wrapper-filters2 filter-v2 clearfix\">\n\t\t<form class=\"job_filters job_filters-location \">\n\t\t\t\t\t\t<input type=\"hidden\" name=\"filter_display_mode\" value=\"grid\">\n\t\t\t<input type=\"hidden\" name=\"filter_listing_columns\" value=\"2\">\n\t\t\t<input id=\"input_filter_order\" type=\"hidden\" name=\"filter_order\" value=\"date-desc\">\n\t\t\t<div class=\"filter-inner clearfix\">\n\t\t\t\t\t\t\t\t<div class=\"fields-filter search_jobs\">\n\t\t\t\t\t\t\t\t\t\t<div class=\"clear-flow\">\n\t\t\t\t\t\t<div class=\"row\">\n\t\t\t\t\t\t\t<div class=\"col-sm-6 list-inner-full\">\n\t\t\t\t\t\t\t\t<div class=\"search_keywords\">\n\t<input class=\"form-control style2\" type=\"text\" name=\"search_keywords\" placeholder=\"\u00bfQu\u00e9 estas buscando?\" value=\"\" \/>\n<\/div>\t\t\t\t\t\t\t<\/div>\n\t\t\t\t\t\t\t\t\t\t\t\t\t\t\t\t\t\t\n\t\t\t\t\t<div class=\"col-sm-6 list-inner-full\">\n\t\t\t\t    <div class=\"field-region field-region1\">\n\t\t\t    <select class=\"select-field-region select-field-region1\" data-next=\"2\" autocomplete=\"off\" name=\"job_region_select[]\" data-placeholder=\"Filtrar por regi\u00f3n\">\n\t\t\t    \t<option value=\"\">Filtrar por regi\u00f3n<\/option>\n\t\t\t\t    \t\t\t\t\t      \t<option value=\"aysen\" >Ays\u00e9n del G. Carlos Ib\u00e1\u00f1ez del Campo<\/option>\n\t\t\t\t\t      \t\t\t\t\t\t      \t<option value=\"antofagasta\" >Antofagasta<\/option>\n\t\t\t\t\t      \t\t\t\t\t\t      \t<option value=\"atacama\" >Atacama<\/option>\n\t\t\t\t\t      \t\t\t\t\t\t      \t<option value=\"arica-parinacota\" >Arica y Parinacota<\/option>\n\t\t\t\t\t      \t\t\t\t\t\t      \t<option value=\"libertador-bernardo-ohiggins\" >Libertador General Bernardo O&#039;Higgins<\/option>\n\t\t\t\t\t      \t\t\t\t\t\t      \t<option value=\"los-lagos\" >Los Lagos<\/option>\n\t\t\t\t\t      \t\t\t\t\t\t      \t<option value=\"la-araucania\" >La Araucan\u00eda<\/option>\n\t\t\t\t\t      \t\t\t\t\t\t      \t<option value=\"coquimbo\" >Coquimbo<\/option>\n\t\t\t\t\t      \t\t\t\t\t\t      \t<option value=\"biobio\" >Biob\u00edo<\/option>\n\t\t\t\t\t      \t\t\t\t\t\t      \t<option value=\"maule\" >Maule<\/option>\n\t\t\t\t\t      \t\t\t\t\t\t      \t<option value=\"magallanes-y-antartica-chilena\" >Magallanes y de la Ant\u00e1rtica Chilena<\/option>\n\t\t\t\t\t      \t\t\t\t\t\t      \t<option value=\"los-rios\" >Los Rios<\/option>\n\t\t\t\t\t      \t\t\t\t\t\t      \t<option value=\"metropolitana-de-santiago\" >Metropolitana de Santiago<\/option>\n\t\t\t\t\t      \t\t\t\t\t\t      \t<option value=\"nuble\" >\u00d1uble<\/option>\n\t\t\t\t\t      \t\t\t\t\t\t      \t<option value=\"tarapaca\" >Tarapac\u00e1<\/option>\n\t\t\t\t\t      \t\t\t\t\t\t      \t<option value=\"valparaiso\" >Valpara\u00edso.<\/option>\n\t\t\t\t\t      \t\t\t\t    <\/select>\n\t\t    <\/div>\n\t\t\t\t\t<\/div>\n\t\t\t\t\t\t\t\t\t\t\t<div class=\"col-sm-6 list-inner-full\">\n\t\t\t\t\t    <div class=\"field-region field-region2\">\n\t\t    \t<select class=\"select-field-region select-field-region2\" data-next=\"3\" autocomplete=\"off\" name=\"job_region_select[]\" data-placeholder=\"Filtrar por ciudad\">\n\t\t    \t\t<option value=\"\">Filtrar por ciudad<\/option>\n\t\t    \t\t\t\t    \t<\/select>\n\t\t    <\/div>\n\t\t    \t\t\t\t<\/div>\n\t\t\t\t\t\t\t\t\t\t\n\t\t\t\t\t\t\t\t\t\n\t\t\t\t\t\t\t\t\t\t\t\t\t\t\t\t\t\t<div class=\"col-sm-6 list-inner-full\">\n\t\t\t\t\t\t\t\t\t\t<div class=\"search_location\">\n\t\t<input type=\"text\" class=\"form-control style2\" name=\"search_location\" id=\"search_location_distance\" placeholder=\"Tu zona\" value=\"\" autocomplete=\"off\" \/>\n\t<span class=\"clear-location\"><i class=\"ti-close\"><\/i><\/span>\n\t\t\t<span class=\"loading-me\"><\/span>\n\t\t<span class=\"find-me\"><svg xmlns=\"http:\/\/www.w3.org\/2000\/svg\" xmlns:xlink=\"http:\/\/www.w3.org\/1999\/xlink\" width=\"15px\" height=\"15px\" viewBox=\"0 0 15 15\" version=\"1.1\"> <g stroke=\"none\" stroke-width=\"1\" fill=\"none\" fill-rule=\"evenodd\"> <g transform=\"translate(-964.000000, -626.000000)\" fill-rule=\"nonzero\" fill=\"#9B9B9B\"> <g transform=\"translate(731.000000, 611.000000)\"> <g transform=\"translate(233.000000, 15.000000)\"> <g> <path d=\"M7.48790875,4.76543726 C5.98346008,4.76543726 4.76543726,5.98346008 4.76543726,7.48790875 C4.76543726,8.99235741 5.98346008,10.2103802 7.48790875,10.2103802 C8.99235741,10.2103802 10.2103802,8.99235741 10.2103802,7.48790875 C10.2103802,5.98346008 8.99235741,4.76543726 7.48790875,4.76543726 Z M13.5730894,6.80652091 C13.2604848,3.96798479 11.0072338,1.71473384 8.16869772,1.40272814 L8.16869772,0 L6.80714829,0 L6.80714829,1.40272814 C3.96858365,1.71473384 1.71536122,3.96798479 1.40210076,6.80652091 L0,6.80652091 L0,8.1693251 L1.40272814,8.1693251 C1.71596008,11.0078612 3.96921103,13.2611122 6.80774715,13.5731179 L6.80774715,14.975846 L8.16929658,14.975846 L8.16929658,13.5731179 C11.0078327,13.2611122 13.2610837,11.0078897 13.5736882,8.1693251 L14.975789,8.1693251 L14.975789,6.80652091 C14.975846,6.80652091 13.5730894,6.80652091 13.5730894,6.80652091 Z M7.48790875,12.253346 C4.85341255,12.253346 2.72247148,10.1224049 2.72247148,7.48790875 C2.72247148,4.85341255 4.85341255,2.72247148 7.48790875,2.72247148 C10.1224049,2.72247148 12.253346,4.85341255 12.253346,7.48790875 C12.253346,10.1224049 10.1224049,12.253346 7.48790875,12.253346 Z\"\/> <\/g> <\/g> <\/g> <\/g> <\/g> <\/svg><\/span>\n\t\t<input type=\"hidden\" name=\"search_lat\" value=\"\" \/>\n\t\t<input type=\"hidden\" name=\"search_lng\" value=\"\" \/>\n\t<\/div>\t\t\t\t\t\t\t\t\t<\/div>\n\t\t\t\t\t\t\t\t\t\t\t\t\t\t\t\t\t\t<div class=\"col-sm-6 list-inner-full\">\n\t\t\t\t\t\t\t\t\t\t<div class=\"search_distance_wrapper clearfix\">\n\t<div class=\"search-distance-label\">\n\t\t<label for=\"use_search_distance\">\n\t\t\t<input name=\"use_search_distance\" checked=\"checked\" type=\"checkbox\">\n\t\t\tRadio: <span class=\"text-distance\">50<\/span> km\t\t<\/label>\n\t<\/div>\n\t<div class=\"search-distance-wrapper\">\n\t\t<input type=\"hidden\" name=\"search_distance\" value=\"50\" \/>\n\t\t<div class=\"search-distance-slider\" data-min=\"0\" data-max=\"100\"><div class=\"ui-slider-handle distance-custom-handle\"><\/div><\/div>\n\t<\/div>\n<\/div>\t\t\t\t\t\t\t\t\t<\/div>\n\t\t\t\t\t\t\t\t\t\t\t\t\t\t\t<\/div>\n\t\t\t\t\t<\/div>\n\t\t\t\t\t<div class=\"submit-filter\">\n\t\t\t\t\t\t<button class=\"btn btn-theme btn-filter\" type=\"button\">Filtrar<\/button>\n\t\t\t\t\t<\/div>\n\t\t\t\t\t<div class=\"listing-search-result-filter\"><\/div>\n\t\t\t\t\t\t\t\t\t<\/div>\n\t\t\t\t<div class=\"mobile-groups-button hidden-lg hidden-md\">\n\t\t\t\t\t<button class=\"btn btn-show-filter btn-xs btn-theme\" type=\"button\"><i class=\"fas fa-sliders-h\" aria-hidden=\"true\"><\/i> Filter Listings<\/button>\n\t\t\t\t\t\t\t\t\t\t\t<button class=\"pull-right btn btn-xs btn-second btn-view-map\" type=\"button\"><i class=\"far fa-map\" aria-hidden=\"true\"><\/i> Map View<\/button>\n\t\t\t\t\t\t<button class=\"pull-right btn btn-xs btn-second  btn-view-listing hidden-sm hidden-xs\" type=\"button\"><i class=\"fas fa-list\" aria-hidden=\"true\"><\/i> Listing View<\/button>\n\t\t\t\t\t\t\t\t\t<\/div>\n\t\t\t\t<div class=\"showing_jobs\"><\/div>\t\t\t<\/div>\n\n\t\t\t\t\t<\/form>\n\t\t\n\t<\/div>\n\t<div class=\" main-results\">\n\t<div class=\"main-content-listings\">\n\t\t\n\t\t<div class=\"listing-action clearfix\">\n\t\t\t<div class=\"row flex-middle\">\n\t\t\t\t<div class=\"col-xs-6 col-md-8\">\n\t\t\t\t\t<div class=\"listing-search-result\"><div class=\"results\">0 Resultados<\/div><\/div>\n\t\t\t\t<\/div>\n\n\t\t\t\t\t\t\t\t<div class=\"col-xs-6 col-md-4 text-right\">\n\t\t\t\t\t\t\t\t\t\t<div class=\"listing-orderby\">\n\t\t\t\t\t\t<select name=\"filter_order\" autocomplete=\"off\" placeholder=\"Sort By\">\n\t\t\t\t\t\t\t\t\t\t\t\t\t\t\t<option value=\"default\" >Orden por defecto<\/option>\n\t\t\t\t\t\t\t\t\t\t\t\t\t\t\t<option value=\"date-desc\" selected=\"selected\">Nuevos primeros<\/option>\n\t\t\t\t\t\t\t\t\t\t\t\t\t\t\t<option value=\"date-asc\" >Antiguos primeros<\/option>\n\t\t\t\t\t\t\t\t\t\t\t\t\t\t\t<option value=\"rating-desc\" >Mejor evaluados<\/option>\n\t\t\t\t\t\t\t\t\t\t\t\t\t\t\t<option value=\"rating-asc\" >Con pocas visitas<\/option>\n\t\t\t\t\t\t\t\t\t\t\t\t\t\t\t<option value=\"random\" >Random<\/option>\n\t\t\t\t\t\t\t\t\t\t\t\t\t<\/select>\n\t\t\t\t\t<\/div>\n\t\t\t\t<\/div>\n\t\t\t<\/div>\n\t\t<\/div>\n\t\t<div class=\"job_listings job_listings_cards clearfix row loading\">\t\t\n\t\t<\/div>\n\t\t\t\t\t<a class=\"load_more_jobs\" href=\"#\"><strong>Load more listings<\/strong><\/a>\n\t\t\t<\/div>\n<\/div><a class=\"load_more_jobs\" href=\"#\" style=\"display:none;\"><strong>Cargar m\u00e1s ofertas<\/strong><\/a>\t\t\t<\/div>\n\t\t<\/div>\n\t\t<div class=\"col-lg-7 col-md-5 no-padding half-map\">\n\t\t\t<div id=\"apus-listing-map\" class=\"apus-listing-map fix-map hidden-sm hidden-xs\"><\/div>\n\t\t<\/div>\n\t<\/div>\n<\/div><\/div><p><\/p>","protected":false},"excerpt":{"rendered":"","protected":false},"author":1,"featured_media":0,"parent":0,"menu_order":0,"comment_status":"closed","ping_status":"closed","template":"","meta":{"footnotes":""},"class_list":["post-5085","page","type-page","status-publish","hentry"],"_links":{"self":[{"href":"https:\/\/pymevirtual.cl\/index.php\/wp-json\/wp\/v2\/pages\/5085","targetHints":{"allow":["GET"]}}],"collection":[{"href":"https:\/\/pymevirtual.cl\/index.php\/wp-json\/wp\/v2\/pages"}],"about":[{"href":"https:\/\/pymevirtual.cl\/index.php\/wp-json\/wp\/v2\/types\/page"}],"author":[{"embeddable":true,"href":"https:\/\/pymevirtual.cl\/index.php\/wp-json\/wp\/v2\/users\/1"}],"replies":[{"embeddable":true,"href":"https:\/\/pymevirtual.cl\/index.php\/wp-json\/wp\/v2\/comments?post=5085"}],"version-history":[{"count":2,"href":"https:\/\/pymevirtual.cl\/index.php\/wp-json\/wp\/v2\/pages\/5085\/revisions"}],"predecessor-version":[{"id":5140,"href":"https:\/\/pymevirtual.cl\/index.php\/wp-json\/wp\/v2\/pages\/5085\/revisions\/5140"}],"wp:attachment":[{"href":"https:\/\/pymevirtual.cl\/index.php\/wp-json\/wp\/v2\/media?parent=5085"}],"curies":[{"name":"wp","href":"https:\/\/api.w.org\/{rel}","templated":true}]}}